{"id":5772,"date":"2025-04-15T10:01:34","date_gmt":"2025-04-15T10:01:34","guid":{"rendered":"https:\/\/residences-pythagore.fr\/our-residences\/"},"modified":"2026-04-14T08:14:40","modified_gmt":"2026-04-14T08:14:40","slug":"our-residences","status":"publish","type":"page","link":"https:\/\/residences-pythagore.fr\/en\/our-residences\/","title":{"rendered":"Our residences"},"content":{"rendered":"\t\t<div data-elementor-type=\"wp-page\" data-elementor-id=\"5772\" class=\"elementor elementor-5772 elementor-1762\" data-elementor-settings=\"{&quot;element_pack_global_tooltip_width&quot;:{&quot;unit&quot;:&quot;px&quot;,&quot;size&quot;:&quot;&quot;,&quot;sizes&quot;:[]},&quot;element_pack_global_tooltip_width_tablet&quot;:{&quot;unit&quot;:&quot;px&quot;,&quot;size&quot;:&quot;&quot;,&quot;sizes&quot;:[]},&quot;element_pack_global_tooltip_width_mobile&quot;:{&quot;unit&quot;:&quot;px&quot;,&quot;size&quot;:&quot;&quot;,&quot;sizes&quot;:[]},&quot;element_pack_global_tooltip_padding&quot;:{&quot;unit&quot;:&quot;px&quot;,&quot;top&quot;:&quot;&quot;,&quot;right&quot;:&quot;&quot;,&quot;bottom&quot;:&quot;&quot;,&quot;left&quot;:&quot;&quot;,&quot;isLinked&quot;:true},&quot;element_pack_global_tooltip_padding_tablet&quot;:{&quot;unit&quot;:&quot;px&quot;,&quot;top&quot;:&quot;&quot;,&quot;right&quot;:&quot;&quot;,&quot;bottom&quot;:&quot;&quot;,&quot;left&quot;:&quot;&quot;,&quot;isLinked&quot;:true},&quot;element_pack_global_tooltip_padding_mobile&quot;:{&quot;unit&quot;:&quot;px&quot;,&quot;top&quot;:&quot;&quot;,&quot;right&quot;:&quot;&quot;,&quot;bottom&quot;:&quot;&quot;,&quot;left&quot;:&quot;&quot;,&quot;isLinked&quot;:true},&quot;element_pack_global_tooltip_border_radius&quot;:{&quot;unit&quot;:&quot;px&quot;,&quot;top&quot;:&quot;&quot;,&quot;right&quot;:&quot;&quot;,&quot;bottom&quot;:&quot;&quot;,&quot;left&quot;:&quot;&quot;,&quot;isLinked&quot;:true},&quot;element_pack_global_tooltip_border_radius_tablet&quot;:{&quot;unit&quot;:&quot;px&quot;,&quot;top&quot;:&quot;&quot;,&quot;right&quot;:&quot;&quot;,&quot;bottom&quot;:&quot;&quot;,&quot;left&quot;:&quot;&quot;,&quot;isLinked&quot;:true},&quot;element_pack_global_tooltip_border_radius_mobile&quot;:{&quot;unit&quot;:&quot;px&quot;,&quot;top&quot;:&quot;&quot;,&quot;right&quot;:&quot;&quot;,&quot;bottom&quot;:&quot;&quot;,&quot;left&quot;:&quot;&quot;,&quot;isLinked&quot;:true}}\" data-elementor-post-type=\"page\">\n\t\t\t\t<div class=\"aux-parallax-section elementor-element elementor-element-42f5dd3 aux-appear-watch-animation aux-mask-from-top elementor-hidden-tablet elementor-hidden-mobile e-con-full e-flex magic-button-disabled-no e-con e-parent\" data-id=\"42f5dd3\" data-element_type=\"container\" data-settings=\"{&quot;background_background&quot;:&quot;classic&quot;,&quot;ekit_has_onepagescroll_dot&quot;:&quot;yes&quot;}\">\n\t\t<div class=\"elementor-element elementor-element-ed82ef7 e-con-full e-flex magic-button-disabled-no e-con e-child\" data-id=\"ed82ef7\" data-element_type=\"container\" data-settings=\"{&quot;ekit_has_onepagescroll_dot&quot;:&quot;yes&quot;}\">\n\t\t<div class=\"elementor-element elementor-element-3f90bc7 e-con-full e-flex magic-button-disabled-no e-con e-child\" data-id=\"3f90bc7\" data-element_type=\"container\" data-settings=\"{&quot;ekit_has_onepagescroll_dot&quot;:&quot;yes&quot;}\">\n\t\t\t\t<\/div>\n\t\t\t\t<\/div>\n\t\t<div class=\"elementor-element elementor-element-17db82b e-con-full e-flex magic-button-disabled-no e-con e-child\" data-id=\"17db82b\" data-element_type=\"container\" data-settings=\"{&quot;ekit_has_onepagescroll_dot&quot;:&quot;yes&quot;}\">\n\t\t<div class=\"elementor-element elementor-element-9e806ae e-con-full e-flex magic-button-disabled-no e-con e-child\" data-id=\"9e806ae\" data-element_type=\"container\" data-settings=\"{&quot;ekit_has_onepagescroll_dot&quot;:&quot;yes&quot;}\">\n\t\t\t\t<\/div>\n\t\t\t\t<div class=\"elementor-element elementor-element-6378c8f aux-appear-watch-animation aux-scale-up-1 elementor-widget elementor-widget-elementskit-heading\" data-id=\"6378c8f\" data-element_type=\"widget\" data-settings=\"{&quot;ekit_we_effect_on&quot;:&quot;none&quot;}\" data-widget_type=\"elementskit-heading.default\">\n\t\t\t\t<div class=\"elementor-widget-container\">\n\t\t\t\t\t<div class=\"ekit-wid-con\" ><div class=\"ekit-heading elementskit-section-title-wraper text_left   ekit_heading_tablet-   ekit_heading_mobile-text_center\"><h2 class=\"ekit-heading--title elementskit-section-title \">DISCOVER<br> OUR RESIDENCES<\/h2><\/div><\/div>\t\t\t\t<\/div>\n\t\t\t\t<\/div>\n\t\t\t\t<div class=\"elementor-element elementor-element-42612f7 elementor-widget__width-initial elementor-widget elementor-widget-text-editor\" data-id=\"42612f7\" data-element_type=\"widget\" data-settings=\"{&quot;ekit_we_effect_on&quot;:&quot;none&quot;}\" data-widget_type=\"text-editor.default\">\n\t\t\t\t<div class=\"elementor-widget-container\">\n\t\t\t\t\t\t\t\t\t<p style=\"text-align: justify;\"><span style=\"color: #ffffff;\">Find all our residences here and discover the perfect combo of comfort, conviviality and independence. Close to town centers, schools, transport and shops, R\u00e9sidence Pythagore is the ideal place to succeed with a good balance between good studies and good fun. <\/span><\/p>\t\t\t\t\t\t\t\t<\/div>\n\t\t\t\t<\/div>\n\t\t\t\t<\/div>\n\t\t\t\t<\/div>\n\t\t<div class=\"aux-parallax-section elementor-element elementor-element-35c2731 e-con-full elementor-hidden-desktop e-flex magic-button-disabled-no e-con e-parent\" data-id=\"35c2731\" data-element_type=\"container\" data-settings=\"{&quot;background_background&quot;:&quot;classic&quot;,&quot;ekit_has_onepagescroll_dot&quot;:&quot;yes&quot;}\">\n\t\t<div class=\"elementor-element elementor-element-d44e596 e-con-full e-flex magic-button-disabled-no e-con e-child\" data-id=\"d44e596\" data-element_type=\"container\" data-settings=\"{&quot;ekit_has_onepagescroll_dot&quot;:&quot;yes&quot;}\">\n\t\t\t\t<\/div>\n\t\t<div class=\"elementor-element elementor-element-0988d32 e-con-full e-flex magic-button-disabled-no e-con e-child\" data-id=\"0988d32\" data-element_type=\"container\" data-settings=\"{&quot;ekit_has_onepagescroll_dot&quot;:&quot;yes&quot;}\">\n\t\t\t\t<div class=\"elementor-element elementor-element-4262521 aux-appear-watch-animation aux-scale-up-1 elementor-widget elementor-widget-elementskit-heading\" data-id=\"4262521\" data-element_type=\"widget\" data-settings=\"{&quot;ekit_we_effect_on&quot;:&quot;none&quot;}\" data-widget_type=\"elementskit-heading.default\">\n\t\t\t\t<div class=\"elementor-widget-container\">\n\t\t\t\t\t<div class=\"ekit-wid-con\" ><div class=\"ekit-heading elementskit-section-title-wraper text_left   ekit_heading_tablet-   ekit_heading_mobile-text_center\"><h2 class=\"ekit-heading--title elementskit-section-title \">DISCOVER<br> OUR RESIDENCES<\/h2><\/div><\/div>\t\t\t\t<\/div>\n\t\t\t\t<\/div>\n\t\t\t\t<div class=\"elementor-element elementor-element-fad0558 elementor-widget__width-initial elementor-widget-mobile__width-initial elementor-widget elementor-widget-text-editor\" data-id=\"fad0558\" data-element_type=\"widget\" data-settings=\"{&quot;ekit_we_effect_on&quot;:&quot;none&quot;}\" data-widget_type=\"text-editor.default\">\n\t\t\t\t<div class=\"elementor-widget-container\">\n\t\t\t\t\t\t\t\t\t<p style=\"text-align: justify;\"><span style=\"color: #ffffff;\">Find all our residences here and discover the perfect combo of comfort, conviviality and independence. Close to town centers, schools, transport and shops, R\u00e9sidence Pythagore is the ideal place to succeed with a good balance between good studies and good fun. <\/span><\/p>\t\t\t\t\t\t\t\t<\/div>\n\t\t\t\t<\/div>\n\t\t\t\t<\/div>\n\t\t\t\t<\/div>\n\t\t<div class=\"aux-parallax-section elementor-element elementor-element-c768215 e-flex e-con-boxed magic-button-disabled-no e-con e-parent\" data-id=\"c768215\" data-element_type=\"container\" data-settings=\"{&quot;ekit_has_onepagescroll_dot&quot;:&quot;yes&quot;}\">\n\t\t\t\t\t<div class=\"e-con-inner\">\n\t\t\t\t<div class=\"elementor-element elementor-element-2461e15 elementor-widget elementor-widget-shortcode\" data-id=\"2461e15\" data-element_type=\"widget\" data-settings=\"{&quot;ekit_we_effect_on&quot;:&quot;none&quot;}\" data-widget_type=\"shortcode.default\">\n\t\t\t\t<div class=\"elementor-widget-container\">\n\t\t\t\t\t\t\t<div class=\"elementor-shortcode\"><style type=\"text\/css\">\n  body #asl-storelocator.asl-cont.asl-template-2 {--sl-font-size: 16px;--sl-title-size: 16px;--sl-btn-size: 16px;--sl-primary: #A10845;--sl-header: #000000;--sl-header-color: #555d66;--sl-infobox-color: #555d66;--sl-infobox-bg: #FFFFFF;--sl-infobox-a: #000000;--sl-action-btn-color: #FFFFFF;--sl-action-btn-bg: #A10845;--sl-color: #555d66;--sl-list-bg: #FFFFFF;--sl-list-title: #32373c;--sl-list-sub-title: #6a6a6a;--sl-highlighted: #97c93c;--sl-highlighted-list-color: #000000;}.asl-cont .sl-direction,.asl-cont .s-direction, .asl-buttons .directions {display: none !important;}.asl-p-cont .asl-print-btn,.asl-cont .asl-print-btn {display: none !important;}  #asl-storelocator.asl-cont .sl-main-cont .asl-panel.pol-lg-12 .asl-panel-inner{ position: relative;height: 450px;}\n  .asl-p-cont .onoffswitch .onoffswitch-label .onoffswitch-switch:before {content: \"OPEN\" !important;}\n  .asl-p-cont .onoffswitch .onoffswitch-label .onoffswitch-switch:after {content: \"ALL\" !important;}\n  @media (max-width: 767px) {\n    #asl-storelocator.asl-cont .asl-panel {order: 0;}\n  }\n<\/style>\n<div id=\"asl-storelocator\" class=\"storelocator-main asl-cont asl-template-2 asl-layout-0 asl-bg-0 full-width no-asl-filters asl-no-categories  asl-text-1\">\n  <div class=\"asl-wrapper\">\n    <div class=\"sl-container-fluid\">\n            <div class=\"sl-row\">\n        <div class=\"pol-12\">\n            <div class=\"sl-main-cont\">\n                <div id=\"asl-panel\" class=\"sl-row no-gutters sl-main-row\">\n                    <div id=\"asl-list\" class=\"asl-panel pol-md-5 pol-lg-4\">\n                      <div class=\"asl-overlay\" id=\"map-loading\">\n                        <div class=\"white\"><\/div>\n                        <div class=\"sl-loading\">\n                          <i class=\"animate-sl-spin icon-spin3\"><\/i>\n                          Loading...                        <\/div>\n                      <\/div>\n                                            <!-- list -->\n                      <div class=\"asl-panel-inner\">\n                        <div class=\"top-title Num_of_store\">\n                          <span>nb r\u00e9sidences: <span class=\"count-result\">0<\/span><\/span>\n                          <a class=\"back-button\">Retour <i class=\"icon-back\"><\/i><\/a>\n                        <\/div>\n                        <div class=\"sl-main-cont-box\">\n                          <div id=\"asl-list\" class=\"sl-list-wrapper\">\n                            <ul id=\"p-statelist\" class=\"sl-list\">\n                            <\/ul>\n                          <\/div>\n                        <\/div>\n                      <\/div>\n\n                      <div class=\"directions-cont hide\">\n                          <div class=\"agile-modal-header\">\n                              <button type=\"button\" class=\"close\"><span aria-hidden=\"true\">\u00d7<\/span><\/button>\n                              <h4>Store Direction<\/h4>\n                          <\/div>\n                          <div class=\"rendered-directions\" id=\"asl-rendered-dir\" style=\"direction: ltr;\"><\/div>\n                      <\/div>\n                    <\/div>\n                    <div class=\"pol-md-7 pol-lg-8 asl-map\">\n                        <div class=\"map-image\">\n                            <div class=\"search_filter inside-map\">\n                              <div class=\"asl-search-box\">\n                                <input type=\"text\" value=\"\" id=\"auto-complete-search\" class=\"form-control asl-search-address\" placeholder=\"Find A Store\">\n                                <button type=\"button\" class=\"asl-search-btn asl-search-event\" aria-label=\"Search Location\" title=\"Search Location\">\n                                  <i class=\"icon-search\"><\/i>\n                                <\/button>\n                              <\/div>\n                            <\/div>\n                            <div id=\"asl-map-canv\" class=\"asl-map-canv\"><\/div>\n                            <div id=\"agile-modal-direction\" class=\"agile-modal fade\">\n    <div class=\"agile-modal-backdrop-in\"><\/div>\n    <div class=\"agile-modal-dialog in\">\n        <div class=\"agile-modal-content\">\n            <div class=\"sl-form-group d-flex justify-content-between\">\n                <h4>GET DIRECTIONS<\/h4>\n                <button type=\"button\" class=\"close-directions sl-close\" data-dismiss=\"agile-modal\"\n                    aria-label=\"Close\"><i aria-hidden=\"true\" class=\"icon-cancel-1\"><\/i><\/button>\n            <\/div>\n            <div class=\"sl-form-group\">\n                <label for=\"frm-lbl\">From:<\/label>\n                <input type=\"text\" class=\"form-control frm-place\" id=\"frm-lbl\"\n                    placeholder=\"Enter a Location\">\n            <\/div>\n            <div class=\"sl-form-group\">\n                <label for=\"to-lbl\">To:<\/label>\n                <input readonly=\"true\" type=\"text\" class=\"directions-to form-control\" id=\"to-lbl\"\n                    placeholder=\"Prepopulated Destination Address\">\n            <\/div>\n            <div class=\"sl-form-group mb-0\">\n                <label for=\"rbtn-km\" class=\"checkbox-inline\">\n                    <input type=\"radio\" name=\"dist-type\" id=\"rbtn-km\" value=\"0\"> Km                <\/label>\n                <label for=\"rbtn-mile\" class=\"checkbox-inline\">\n                    <input type=\"radio\" name=\"dist-type\" checked id=\"rbtn-mile\" value=\"1\">\n                    Miles                <\/label>\n            <\/div>\n            <div class=\"sl-form-group mb-0\">\n                <button type=\"submit\" aria-label=\"GET DIRECTIONS\"\n                    class=\"btn btn-default btn-submit\">GET DIRECTIONS<\/button>\n            <\/div>\n        <\/div>\n    <\/div>\n<\/div>\n\n<div id=\"asl-geolocation-agile-modal\" class=\"agile-modal fade\">\n    <div class=\"agile-modal-backdrop-in\"><\/div>\n    <div class=\"agile-modal-dialog in\">\n        <div class=\"agile-modal-content\">\n                            <div class=\"sl-form-group sl-icon-group\">\n                <button type=\"button\" class=\"close-directions sl-close\" data-dismiss=\"agile-modal\"\n                      aria-label=\"Close\"><i aria-hidden=\"true\" class=\"icon-cancel-1\"><\/i><\/button>\n                <div class=\"sl-loct-icon\">\n                    <svg xmlns=\"http:\/\/www.w3.org\/2000\/svg\" width=\"28\" height=\"28\" viewBox=\"0 0 24 24\" fill=\"none\"\n                        stroke=\"currentColor\" stroke-width=\"2\" stroke-linecap=\"round\" stroke-linejoin=\"round\">\n                        <path\n                            d=\"M20 10c0 4.993-5.539 10.193-7.399 11.799a1 1 0 0 1-1.202 0C9.539 20.193 4 14.993 4 10a8 8 0 0 1 16 0\">\n                        <\/path>\n                        <circle cx=\"12\" cy=\"10\" r=\"3\"><\/circle>\n                    <\/svg>\n                <\/div>\n                <h2>Find Nearby Service Providers<\/h2>\n                <p>Use my location to find the closest Service Provider near me<\/p>\n            <\/div>\n            <div class=\"sl-form-group text-center mb-0\">\n                <button type=\"button\" id=\"asl-btn-geolocation\"\n                    class=\"btn btn-block btn-default\">USE LOCATION<\/button>\n            <\/div>\n                    <\/div>\n    <\/div>\n<\/div>\n\n<div id=\"asl-desc-agile-modal\" class=\"agile-modal fade\">\n    <div class=\"agile-modal-backdrop-in\"><\/div>\n    <div class=\"agile-modal-dialog in\">\n        <div class=\"agile-modal-content\">\n            <div class=\"sl-row\">\n                <div class=\"pol-md-12\">\n                    <div class=\"sl-form-group d-flex justify-content-between\">\n                        <h4 class=\"sl-title\">View Description<\/h4>\n                        <button type=\"button\" class=\"close-directions sl-close\" data-dismiss=\"agile-modal\"\n                            aria-label=\"Close\"><i aria-hidden=\"true\" class=\"icon-cancel-1\"><\/i><\/button>\n                    <\/div>\n                    <div class=\"sl-desc\"><\/div>\n                <\/div>\n            <\/div>\n        <\/div>\n    <\/div>\n<\/div>                        <\/div>\n                    <\/div>\n                <\/div>\n            <\/div>\n        <\/div>\n      <\/div>\n    <\/div>\n  <\/div>\n  <\/div>\n<!-- This plugin is developed by \"Agile Store Locator by WordPress\" https:\/\/agilestorelocator.com --><\/div>\n\t\t\t\t\t\t<\/div>\n\t\t\t\t<\/div>\n\t\t\t\t\t<\/div>\n\t\t\t\t<\/div>\n\t\t\t\t<\/div>\n\t\t","protected":false},"excerpt":{"rendered":"<p>DISCOVER OUR RESIDENCES Find all our residences here and discover the perfect combo of comfort, conviviality and independence. Close to town centers, schools, transport and shops, R\u00e9sidence Pythagore is the ideal place to succeed with a good balance between good studies and good fun. DISCOVER OUR RESIDENCES Find all our residences here and discover the [&hellip;]<\/p>\n","protected":false},"author":2,"featured_media":0,"parent":0,"menu_order":0,"comment_status":"closed","ping_status":"closed","template":"elementor_header_footer","meta":{"_acf_changed":false,"footnotes":""},"class_list":["post-5772","page","type-page","status-publish","hentry"],"acf":[],"yoast_head":"<!-- This site is optimized with the Yoast SEO Premium plugin v24.2 (Yoast SEO v26.7) - https:\/\/yoast.com\/wordpress\/plugins\/seo\/ -->\n<title>Pythagorean student residences | Our residences in France<\/title>\n<meta name=\"description\" content=\"Pythagore student residences: find and book your student accommodation in Paris, Metz, Courbevoie or L&#039;Ha\u00ff-les-Roses. Services included.\" \/>\n<meta name=\"robots\" content=\"index, follow, max-snippet:-1, max-image-preview:large, max-video-preview:-1\" \/>\n<link rel=\"canonical\" href=\"https:\/\/residences-pythagore.fr\/en\/our-residences\/\" \/>\n<meta property=\"og:locale\" content=\"en_US\" \/>\n<meta property=\"og:type\" content=\"article\" \/>\n<meta property=\"og:title\" content=\"Our residences\" \/>\n<meta property=\"og:description\" content=\"Pythagore student residences: find and book your student accommodation in Paris, Metz, Courbevoie or L&#039;Ha\u00ff-les-Roses. Services included.\" \/>\n<meta property=\"og:url\" content=\"https:\/\/residences-pythagore.fr\/en\/our-residences\/\" \/>\n<meta property=\"og:site_name\" content=\"R\u00e9sidences Pythagore\" \/>\n<meta property=\"article:modified_time\" content=\"2026-04-14T08:14:40+00:00\" \/>\n<meta name=\"twitter:card\" content=\"summary_large_image\" \/>\n<meta name=\"twitter:label1\" content=\"Est. reading time\" \/>\n\t<meta name=\"twitter:data1\" content=\"1 minute\" \/>\n<script type=\"application\/ld+json\" class=\"yoast-schema-graph\">{\"@context\":\"https:\/\/schema.org\",\"@graph\":[{\"@type\":\"WebPage\",\"@id\":\"https:\/\/residences-pythagore.fr\/en\/our-residences\/\",\"url\":\"https:\/\/residences-pythagore.fr\/en\/our-residences\/\",\"name\":\"Pythagorean student residences | Our residences in France\",\"isPartOf\":{\"@id\":\"https:\/\/residences-pythagore.fr\/en\/#website\"},\"datePublished\":\"2025-04-15T10:01:34+00:00\",\"dateModified\":\"2026-04-14T08:14:40+00:00\",\"description\":\"Pythagore student residences: find and book your student accommodation in Paris, Metz, Courbevoie or L'Ha\u00ff-les-Roses. Services included.\",\"breadcrumb\":{\"@id\":\"https:\/\/residences-pythagore.fr\/en\/our-residences\/#breadcrumb\"},\"inLanguage\":\"en-US\",\"potentialAction\":[{\"@type\":\"ReadAction\",\"target\":[\"https:\/\/residences-pythagore.fr\/en\/our-residences\/\"]}]},{\"@type\":\"BreadcrumbList\",\"@id\":\"https:\/\/residences-pythagore.fr\/en\/our-residences\/#breadcrumb\",\"itemListElement\":[{\"@type\":\"ListItem\",\"position\":1,\"name\":\"Home\",\"item\":\"https:\/\/residences-pythagore.fr\/en\/\"},{\"@type\":\"ListItem\",\"position\":2,\"name\":\"Our residences\"}]},{\"@type\":\"WebSite\",\"@id\":\"https:\/\/residences-pythagore.fr\/en\/#website\",\"url\":\"https:\/\/residences-pythagore.fr\/en\/\",\"name\":\"R\u00e9sidences Pythagore\",\"description\":\"Logement \u00e9tudiant et mobilit\u00e9 - Paris 13, Courbevoie-la-Defense, L&#039;hay-les-roses et Metz\",\"publisher\":{\"@id\":\"https:\/\/residences-pythagore.fr\/en\/#organization\"},\"potentialAction\":[{\"@type\":\"SearchAction\",\"target\":{\"@type\":\"EntryPoint\",\"urlTemplate\":\"https:\/\/residences-pythagore.fr\/en\/?s={search_term_string}\"},\"query-input\":{\"@type\":\"PropertyValueSpecification\",\"valueRequired\":true,\"valueName\":\"search_term_string\"}}],\"inLanguage\":\"en-US\"},{\"@type\":\"Organization\",\"@id\":\"https:\/\/residences-pythagore.fr\/en\/#organization\",\"name\":\"R\u00e9sidences Pythagore\",\"url\":\"https:\/\/residences-pythagore.fr\/en\/\",\"logo\":{\"@type\":\"ImageObject\",\"inLanguage\":\"en-US\",\"@id\":\"https:\/\/residences-pythagore.fr\/en\/#\/schema\/logo\/image\/\",\"url\":\"https:\/\/residences-pythagore.fr\/wp-content\/uploads\/2025\/03\/LOGO_PYTH_2020_header2.png\",\"contentUrl\":\"https:\/\/residences-pythagore.fr\/wp-content\/uploads\/2025\/03\/LOGO_PYTH_2020_header2.png\",\"width\":320,\"height\":101,\"caption\":\"R\u00e9sidences Pythagore\"},\"image\":{\"@id\":\"https:\/\/residences-pythagore.fr\/en\/#\/schema\/logo\/image\/\"}}]}<\/script>\n<!-- \/ Yoast SEO Premium plugin. -->","yoast_head_json":{"title":"Pythagorean student residences | Our residences in France","description":"Pythagore student residences: find and book your student accommodation in Paris, Metz, Courbevoie or L'Ha\u00ff-les-Roses. Services included.","robots":{"index":"index","follow":"follow","max-snippet":"max-snippet:-1","max-image-preview":"max-image-preview:large","max-video-preview":"max-video-preview:-1"},"canonical":"https:\/\/residences-pythagore.fr\/en\/our-residences\/","og_locale":"en_US","og_type":"article","og_title":"Our residences","og_description":"Pythagore student residences: find and book your student accommodation in Paris, Metz, Courbevoie or L'Ha\u00ff-les-Roses. Services included.","og_url":"https:\/\/residences-pythagore.fr\/en\/our-residences\/","og_site_name":"R\u00e9sidences Pythagore","article_modified_time":"2026-04-14T08:14:40+00:00","twitter_card":"summary_large_image","twitter_misc":{"Est. reading time":"1 minute"},"schema":{"@context":"https:\/\/schema.org","@graph":[{"@type":"WebPage","@id":"https:\/\/residences-pythagore.fr\/en\/our-residences\/","url":"https:\/\/residences-pythagore.fr\/en\/our-residences\/","name":"Pythagorean student residences | Our residences in France","isPartOf":{"@id":"https:\/\/residences-pythagore.fr\/en\/#website"},"datePublished":"2025-04-15T10:01:34+00:00","dateModified":"2026-04-14T08:14:40+00:00","description":"Pythagore student residences: find and book your student accommodation in Paris, Metz, Courbevoie or L'Ha\u00ff-les-Roses. Services included.","breadcrumb":{"@id":"https:\/\/residences-pythagore.fr\/en\/our-residences\/#breadcrumb"},"inLanguage":"en-US","potentialAction":[{"@type":"ReadAction","target":["https:\/\/residences-pythagore.fr\/en\/our-residences\/"]}]},{"@type":"BreadcrumbList","@id":"https:\/\/residences-pythagore.fr\/en\/our-residences\/#breadcrumb","itemListElement":[{"@type":"ListItem","position":1,"name":"Home","item":"https:\/\/residences-pythagore.fr\/en\/"},{"@type":"ListItem","position":2,"name":"Our residences"}]},{"@type":"WebSite","@id":"https:\/\/residences-pythagore.fr\/en\/#website","url":"https:\/\/residences-pythagore.fr\/en\/","name":"R\u00e9sidences Pythagore","description":"Logement \u00e9tudiant et mobilit\u00e9 - Paris 13, Courbevoie-la-Defense, L&#039;hay-les-roses et Metz","publisher":{"@id":"https:\/\/residences-pythagore.fr\/en\/#organization"},"potentialAction":[{"@type":"SearchAction","target":{"@type":"EntryPoint","urlTemplate":"https:\/\/residences-pythagore.fr\/en\/?s={search_term_string}"},"query-input":{"@type":"PropertyValueSpecification","valueRequired":true,"valueName":"search_term_string"}}],"inLanguage":"en-US"},{"@type":"Organization","@id":"https:\/\/residences-pythagore.fr\/en\/#organization","name":"R\u00e9sidences Pythagore","url":"https:\/\/residences-pythagore.fr\/en\/","logo":{"@type":"ImageObject","inLanguage":"en-US","@id":"https:\/\/residences-pythagore.fr\/en\/#\/schema\/logo\/image\/","url":"https:\/\/residences-pythagore.fr\/wp-content\/uploads\/2025\/03\/LOGO_PYTH_2020_header2.png","contentUrl":"https:\/\/residences-pythagore.fr\/wp-content\/uploads\/2025\/03\/LOGO_PYTH_2020_header2.png","width":320,"height":101,"caption":"R\u00e9sidences Pythagore"},"image":{"@id":"https:\/\/residences-pythagore.fr\/en\/#\/schema\/logo\/image\/"}}]}},"_links":{"self":[{"href":"https:\/\/residences-pythagore.fr\/en\/wp-json\/wp\/v2\/pages\/5772","targetHints":{"allow":["GET"]}}],"collection":[{"href":"https:\/\/residences-pythagore.fr\/en\/wp-json\/wp\/v2\/pages"}],"about":[{"href":"https:\/\/residences-pythagore.fr\/en\/wp-json\/wp\/v2\/types\/page"}],"author":[{"embeddable":true,"href":"https:\/\/residences-pythagore.fr\/en\/wp-json\/wp\/v2\/users\/2"}],"replies":[{"embeddable":true,"href":"https:\/\/residences-pythagore.fr\/en\/wp-json\/wp\/v2\/comments?post=5772"}],"version-history":[{"count":3,"href":"https:\/\/residences-pythagore.fr\/en\/wp-json\/wp\/v2\/pages\/5772\/revisions"}],"predecessor-version":[{"id":6725,"href":"https:\/\/residences-pythagore.fr\/en\/wp-json\/wp\/v2\/pages\/5772\/revisions\/6725"}],"wp:attachment":[{"href":"https:\/\/residences-pythagore.fr\/en\/wp-json\/wp\/v2\/media?parent=5772"}],"curies":[{"name":"wp","href":"https:\/\/api.w.org\/{rel}","templated":true}]}}